{"id":116,"date":"2006-08-31T14:09:49","date_gmt":"2006-08-31T12:09:49","guid":{"rendered":"http:\/\/kvfl.com\/googlemap\/"},"modified":"2021-02-05T10:27:46","modified_gmt":"2021-02-05T09:27:46","slug":"googlemap","status":"publish","type":"page","link":"https:\/\/kvfl.com\/blog\/googlemap\/","title":{"rendered":"Berichte in Bildern"},"content":{"rendered":"<p>Die \u00dcbersicht und Darstellung der Klettergebiete in Th\u00fcringen ist auf der <a href=\"https:\/\/kvfl.com\/klettern-in-thueringen\/\">Th\u00fcringenkarte<\/a> zu finden.<\/p>\n<h3>Alle Berichte aus dem Bereich der Touren &#8211; Allgemein<\/h3>\n<ul><li><a href=\"https:\/\/kvfl.com\/blog\/bergmedizin-expeditionsmedizin-pocket\/1183\/\" title=\"Bergmedizin Expeditionsmedizin pocket\">Bergmedizin Expeditionsmedizin pocket<\/a><\/li><li><a href=\"https:\/\/kvfl.com\/blog\/von-einem-der-auszog-dass-slacklinen-zu-lernen\/119\/\" title=\"Von einem der Auszog, dass Slacklinen zu lernen\">Von einem der Auszog, dass Slacklinen zu lernen<\/a><\/li><li><a href=\"https:\/\/kvfl.com\/blog\/auf-tourensuche-linktipp\/124\/\" title=\"Auf Tourensuche ? - Linktipp\">Auf Tourensuche ? - Linktipp<\/a><\/li><li><a href=\"https:\/\/kvfl.com\/blog\/funktionsjacke-kaufen-auf-was-muss-ich-achten\/110\/\" title=\"Funktionsjacke kaufen - Auf was muss ich achten ?\">Funktionsjacke kaufen - Auf was muss ich achten ?<\/a><\/li><li><a href=\"https:\/\/kvfl.com\/blog\/klettern-am-gardasee\/111\/\" title=\"Klettern am Gardasee\">Klettern am Gardasee<\/a><\/li><li><a href=\"https:\/\/kvfl.com\/blog\/trekking-tipps-fuer-einsteiger\/88\/\" title=\"Trekking-Tipps f\u00fcr Einsteiger\">Trekking-Tipps f\u00fcr Einsteiger<\/a><\/li><li><a href=\"https:\/\/kvfl.com\/blog\/die-taktik-des-hoehenbergsteigens\/16\/\" title=\"Die Taktik des H\u00f6henbergsteigens\">Die Taktik des H\u00f6henbergsteigens<\/a><\/li><li><a href=\"https:\/\/kvfl.com\/blog\/5-rennsteig-staffellauf\/28\/\" title=\"5. Rennsteig Staffellauf\">5. Rennsteig Staffellauf<\/a><\/li><li><a href=\"https:\/\/kvfl.com\/blog\/das-biwacken-phase-5-am-rennsteig\/27\/\" title=\"Das Biwacken - \"Phase 5\" - am Rennsteig\">Das Biwacken - \"Phase 5\" - am Rennsteig<\/a><\/li><\/ul>\n<h3>Alle Berichte aus dem Bereich der Touren &#8211; Alpin<\/h3>\n<ul><li><a href=\"https:\/\/kvfl.com\/blog\/hochste-wand-des-balkans-erstbegangen\/251\/\" title=\"H\u00f6chste Wand des Balkans erstbegangen\">H\u00f6chste Wand des Balkans erstbegangen<\/a><\/li><li><a href=\"https:\/\/kvfl.com\/blog\/doppelerfolg-an-den-drei-zinnen-dirk-uhlig-und-alexandra-schweikart-wiederholen-via-camillotto-pellesier-8a8b-an-der-groszen-zinne-nordwand\/197\/\" title=\"Doppelerfolg an den Drei Zinnen: Dirk Uhlig und Alexandra Schweikart wiederholen \u201eVia Camillotto Pellesier\u201d (8a+\/8b) an der Gro\u00dfen Zinne Nordwand\">Doppelerfolg an den Drei Zinnen: Dirk Uhlig und Alexandra Schweikart wiederholen \u201eVia Camillotto Pellesier\u201d (8a+\/8b) an der Gro\u00dfen Zinne Nordwand<\/a><\/li><li><a href=\"https:\/\/kvfl.com\/blog\/aiguille-verte-the-neverending-story\/189\/\" title=\"Aiguille Verte - The Neverending Story\">Aiguille Verte - The Neverending Story<\/a><\/li><li><a href=\"https:\/\/kvfl.com\/blog\/klettern-in-italien-finale-ligure\/155\/\" title=\"Klettern in Italien - Finale Ligure\">Klettern in Italien - Finale Ligure<\/a><\/li><li><a href=\"https:\/\/kvfl.com\/blog\/klettern-auf-sizilien\/148\/\" title=\"Klettern auf Sizilien\">Klettern auf Sizilien<\/a><\/li><li><a href=\"https:\/\/kvfl.com\/blog\/klettern-am-gardasee\/111\/\" title=\"Klettern am Gardasee\">Klettern am Gardasee<\/a><\/li><li><a href=\"https:\/\/kvfl.com\/blog\/ama-dablam-anstiegsbeschreibung\/91\/\" title=\"Ama Dablam Anstiegsbeschreibung\">Ama Dablam Anstiegsbeschreibung<\/a><\/li><li><a href=\"https:\/\/kvfl.com\/blog\/pallavicinirinne-am-grossglockner-3798m\/25\/\" title=\"Pallavicinirinne am Gro\u00dfglockner, 3798m\">Pallavicinirinne am Gro\u00dfglockner, 3798m<\/a><\/li><li><a href=\"https:\/\/kvfl.com\/blog\/tourenbericht-berner-oberland-und-wallis\/33\/\" title=\"Tourenbericht Berner Oberland und Wallis \">Tourenbericht Berner Oberland und Wallis <\/a><\/li><li><a href=\"https:\/\/kvfl.com\/blog\/kasachstankirgistan-und-weiter-in-das-tien-shan-zum-khan-tengri\/24\/\" title=\"Kasachstan\/Kirgistan und weiter in das Tien Shan zum Khan Tengri \">Kasachstan\/Kirgistan und weiter in das Tien Shan zum Khan Tengri <\/a><\/li><li><a href=\"https:\/\/kvfl.com\/blog\/besteigung-des-mtcook-aorangi-in-neuseeland-am-ende-der-welt\/22\/\" title=\"Besteigung des Mt.Cook (Aorangi) in Neuseeland - am Ende der Welt\">Besteigung des Mt.Cook (Aorangi) in Neuseeland - am Ende der Welt<\/a><\/li><\/ul>\n<h3>Alle Berichte aus dem Bereich der Touren &#8211; Klettern<\/h3>\n<ul><li><a href=\"https:\/\/kvfl.com\/blog\/belogradtschik-klettern-in-nordwesten-bulgarien\/220\/\" title=\"Belogradtschik, Klettern in Nordwesten Bulgarien\">Belogradtschik, Klettern in Nordwesten Bulgarien<\/a><\/li><li><a href=\"https:\/\/kvfl.com\/blog\/klettern-in-laos\/214\/\" title=\"Klettern in Laos\">Klettern in Laos<\/a><\/li><li><a href=\"https:\/\/kvfl.com\/blog\/klettern-in-vietnam\/213\/\" title=\"Klettern in Vietnam\">Klettern in Vietnam<\/a><\/li><li><a href=\"https:\/\/kvfl.com\/blog\/klettern-in-thailand\/212\/\" title=\"Klettern in Thailand\">Klettern in Thailand<\/a><\/li><li><a href=\"https:\/\/kvfl.com\/blog\/doppelerfolg-an-den-drei-zinnen-dirk-uhlig-und-alexandra-schweikart-wiederholen-via-camillotto-pellesier-8a8b-an-der-groszen-zinne-nordwand\/197\/\" title=\"Doppelerfolg an den Drei Zinnen: Dirk Uhlig und Alexandra Schweikart wiederholen \u201eVia Camillotto Pellesier\u201d (8a+\/8b) an der Gro\u00dfen Zinne Nordwand\">Doppelerfolg an den Drei Zinnen: Dirk Uhlig und Alexandra Schweikart wiederholen \u201eVia Camillotto Pellesier\u201d (8a+\/8b) an der Gro\u00dfen Zinne Nordwand<\/a><\/li><li><a href=\"https:\/\/kvfl.com\/blog\/granitklettern-auf-den-spuren-deutscher-kolonialherren-die-chinesische-badestadt-qingdao\/191\/\" title=\"Granitklettern auf den Spuren deutscher Kolonialherren - Die Chinesische Badestadt Qingdao\">Granitklettern auf den Spuren deutscher Kolonialherren - Die Chinesische Badestadt Qingdao<\/a><\/li><li><a href=\"https:\/\/kvfl.com\/blog\/eisklettern-norwegen\/187\/\" title=\"Eisklettern Norwegen\">Eisklettern Norwegen<\/a><\/li><li><a href=\"https:\/\/kvfl.com\/blog\/reisebericht-staaten-2005\/182\/\" title=\"Reisebericht \u201eStaaten 2005\u201c\">Reisebericht \u201eStaaten 2005\u201c<\/a><\/li><li><a href=\"https:\/\/kvfl.com\/blog\/klettern-in-italien-finale-ligure\/155\/\" title=\"Klettern in Italien - Finale Ligure\">Klettern in Italien - Finale Ligure<\/a><\/li><li><a href=\"https:\/\/kvfl.com\/blog\/klettern-in-suedafrika\/112\/\" title=\"Klettern in S\u00fcdafrika\">Klettern in S\u00fcdafrika<\/a><\/li><li><a href=\"https:\/\/kvfl.com\/blog\/klettern-auf-sizilien\/148\/\" title=\"Klettern auf Sizilien\">Klettern auf Sizilien<\/a><\/li><li><a href=\"https:\/\/kvfl.com\/blog\/klettern-im-sueden-frankreichs-vallon-sourn-chateauvert-correns\/117\/\" title=\"Klettern im S\u00fcden Frankreichs Vallon Sourn - Chateauvert\/Correns\">Klettern im S\u00fcden Frankreichs Vallon Sourn - Chateauvert\/Correns<\/a><\/li><li><a href=\"https:\/\/kvfl.com\/blog\/klettern-am-gardasee\/111\/\" title=\"Klettern am Gardasee\">Klettern am Gardasee<\/a><\/li><li><a href=\"https:\/\/kvfl.com\/blog\/klettern-im-sueden-frankreichs-orpierre\/87\/\" title=\"Klettern im S\u00fcden Frankreichs - Orpierre\">Klettern im S\u00fcden Frankreichs - Orpierre<\/a><\/li><li><a href=\"https:\/\/kvfl.com\/blog\/granitwelt-salbit-in-den-urner-alpen-zentralschweiz\/6\/\" title=\"Granitwelt Salbit - in den Urner Alpen - Zentralschweiz\">Granitwelt Salbit - in den Urner Alpen - Zentralschweiz<\/a><\/li><li><a href=\"https:\/\/kvfl.com\/blog\/reisebericht-westaustralien-2004\/30\/\" title=\"Reisebericht Westaustralien 2004 \">Reisebericht Westaustralien 2004 <\/a><\/li><li><a href=\"https:\/\/kvfl.com\/blog\/meteora-griechenland\/17\/\" title=\"Meteora Griechenland\">Meteora Griechenland<\/a><\/li><li><a href=\"https:\/\/kvfl.com\/blog\/klettern-im-felsparadies-der-dolomiten\/14\/\" title=\"Klettern im Felsparadies Dolomiten\">Klettern im Felsparadies Dolomiten<\/a><\/li><li><a href=\"https:\/\/kvfl.com\/blog\/la-reunion-bourbon\/23\/\" title=\"La Reunion - Bourbon \">La Reunion - Bourbon <\/a><\/li><li><a href=\"https:\/\/kvfl.com\/blog\/klettern-in-katalonien\/21\/\" title=\"Klettern in Katalonien\">Klettern in Katalonien<\/a><\/li><li><a href=\"https:\/\/kvfl.com\/blog\/besteigung-des-mtcook-aorangi-in-neuseeland-am-ende-der-welt\/22\/\" title=\"Besteigung des Mt.Cook (Aorangi) in Neuseeland - am Ende der Welt\">Besteigung des Mt.Cook (Aorangi) in Neuseeland - am Ende der Welt<\/a><\/li><\/ul>\n<h3>Alle Berichte aus dem Bereich der Touren &#8211; Trecking<\/h3>\n<ul><li><a href=\"https:\/\/kvfl.com\/blog\/die-tour-zum-kangchenjunga\/165\/\" title=\"Die Tour zum Kangchenjunga\">Die Tour zum Kangchenjunga<\/a><\/li><li><a href=\"https:\/\/kvfl.com\/blog\/trekking-tipps-fuer-einsteiger\/88\/\" title=\"Trekking-Tipps f\u00fcr Einsteiger\">Trekking-Tipps f\u00fcr Einsteiger<\/a><\/li><li><a href=\"https:\/\/kvfl.com\/blog\/reisebericht-suedafrika-kwazulu-natal\/62\/\" title=\"Reisebericht S\u00fcdafrika (Kwazulu-Natal)\">Reisebericht S\u00fcdafrika (Kwazulu-Natal)<\/a><\/li><li><a href=\"https:\/\/kvfl.com\/blog\/abenteuer-himalaya\/19\/\" title=\"Abenteuer Himalaya\">Abenteuer Himalaya<\/a><\/li><li><a href=\"https:\/\/kvfl.com\/blog\/hohe-tatra\/29\/\" title=\"Hohe Tatra\">Hohe Tatra<\/a><\/li><li><a href=\"https:\/\/kvfl.com\/blog\/munti-fagars-muntii-fagarasului-rumaenien\/32\/\" title=\"Munti Fagars - Muntii Fagarasului, Rum\u00e4nien \">Munti Fagars - Muntii Fagarasului, Rum\u00e4nien <\/a><\/li><li><a href=\"https:\/\/kvfl.com\/blog\/die-pyrenaeen-die-tour-der-gr-10-der-hrp\/31\/\" title=\"Die Pyren\u00e4en, die Tour, der GR 10, der HRP \">Die Pyren\u00e4en, die Tour, der GR 10, der HRP <\/a><\/li><li><a href=\"https:\/\/kvfl.com\/blog\/reisebericht-westaustralien-2004\/30\/\" title=\"Reisebericht Westaustralien 2004 \">Reisebericht Westaustralien 2004 <\/a><\/li><li><a href=\"https:\/\/kvfl.com\/blog\/mongolei\/450\/\" title=\"Reisebericht Mongolei und Besteigung des Otgon Tenger\">Reisebericht Mongolei und Besteigung des Otgon Tenger<\/a><\/li><li><a href=\"https:\/\/kvfl.com\/blog\/hot-spotz-trekking-bergsteigen-bolivien\/89\/\" title=\"Hot Spotz, Trekking, Bergsteigen - Bolivien\">Hot Spotz, Trekking, Bergsteigen - Bolivien<\/a><\/li><li><a href=\"https:\/\/kvfl.com\/blog\/la-reunion-bourbon\/23\/\" title=\"La Reunion - Bourbon \">La Reunion - Bourbon <\/a><\/li><li><a href=\"https:\/\/kvfl.com\/blog\/reisebericht-vom-6-ate-clean-up-trek\/18\/\" title=\"Reisebericht vom 6. ATE - Clean up Trek\">Reisebericht vom 6. ATE - Clean up Trek<\/a><\/li><li><a href=\"https:\/\/kvfl.com\/blog\/besteigung-des-mtcook-aorangi-in-neuseeland-am-ende-der-welt\/22\/\" title=\"Besteigung des Mt.Cook (Aorangi) in Neuseeland - am Ende der Welt\">Besteigung des Mt.Cook (Aorangi) in Neuseeland - am Ende der Welt<\/a><\/li><li><a href=\"https:\/\/kvfl.com\/blog\/skandinavienrundreise-august-2000\/20\/\" title=\"Skandinavienrundreise\">Skandinavienrundreise<\/a><\/li><\/ul>\n","protected":false},"excerpt":{"rendered":"<p>Die \u00dcbersicht und Darstellung der Klettergebiete in Th\u00fcringen ist auf der Th\u00fcringenkarte zu finden. Alle Berichte aus dem Bereich der Touren &#8211; Allgemein Alle Berichte aus dem Bereich der Touren &#8211; Alpin Alle Berichte aus dem Bereich der Touren &#8211; Klettern Alle Berichte aus dem Bereich der Touren &#8211; Trecking<\/p>\n","protected":false},"author":2,"featured_media":0,"parent":0,"menu_order":0,"comment_status":"closed","ping_status":"closed","template":"page-templates\/full-width.php","meta":{"footnotes":""},"class_list":["post-116","page","type-page","status-publish","hentry"],"_links":{"self":[{"href":"https:\/\/kvfl.com\/blog\/wp-json\/wp\/v2\/pages\/116","targetHints":{"allow":["GET"]}}],"collection":[{"href":"https:\/\/kvfl.com\/blog\/wp-json\/wp\/v2\/pages"}],"about":[{"href":"https:\/\/kvfl.com\/blog\/wp-json\/wp\/v2\/types\/page"}],"author":[{"embeddable":true,"href":"https:\/\/kvfl.com\/blog\/wp-json\/wp\/v2\/users\/2"}],"replies":[{"embeddable":true,"href":"https:\/\/kvfl.com\/blog\/wp-json\/wp\/v2\/comments?post=116"}],"version-history":[{"count":3,"href":"https:\/\/kvfl.com\/blog\/wp-json\/wp\/v2\/pages\/116\/revisions"}],"predecessor-version":[{"id":1271,"href":"https:\/\/kvfl.com\/blog\/wp-json\/wp\/v2\/pages\/116\/revisions\/1271"}],"wp:attachment":[{"href":"https:\/\/kvfl.com\/blog\/wp-json\/wp\/v2\/media?parent=116"}],"curies":[{"name":"wp","href":"https:\/\/api.w.org\/{rel}","templated":true}]}}