{"id":96,"date":"2006-06-15T15:03:19","date_gmt":"2006-06-15T13:03:19","guid":{"rendered":"http:\/\/kvfl.com\/gebietsuebersicht\/"},"modified":"2021-02-05T08:42:17","modified_gmt":"2021-02-05T07:42:17","slug":"klettern-in-thueringen","status":"publish","type":"page","link":"https:\/\/kvfl.com\/blog\/klettern-in-thueringen\/","title":{"rendered":"Klettern in Th\u00fcringen"},"content":{"rendered":"<p>Folgenden Gebiete haben eine n\u00e4here Beschreibung und entsprechende Topos, Hintergr\u00fcnde, Informationen &#8230;<br \/>\n<ul><li><a href=\"https:\/\/kvfl.com\/blog\/kletterfuehrer-steinreich-thueringen\/1203\/\" title=\"Kletterf\u00fchrer SteinReich Th\u00fcringen\">Kletterf\u00fchrer SteinReich Th\u00fcringen<\/a><\/li><li><a href=\"https:\/\/kvfl.com\/blog\/hohler-stein-saniert\/1166\/\" title=\"Hohler Stein saniert\">Hohler Stein saniert<\/a><\/li><li><a href=\"https:\/\/kvfl.com\/blog\/blocreich-boulderfuehrer-thueringen\/1150\/\" title=\"BlocReich - Boulderf\u00fchrer Th\u00fcringen\">BlocReich - Boulderf\u00fchrer Th\u00fcringen<\/a><\/li><li><a href=\"https:\/\/kvfl.com\/blog\/neue-touren-im-hansbachtal\/592\/\" title=\"Neue Touren im Hansbachtal\">Neue Touren im Hansbachtal<\/a><\/li><li><a href=\"https:\/\/kvfl.com\/blog\/ratssteinbruch-bei-ilmenau\/156\/\" title=\"Ratssteinbruch bei Ilmenau\">Ratssteinbruch bei Ilmenau<\/a><\/li><li><a href=\"https:\/\/kvfl.com\/blog\/geierfelsen-bei-gehlberg\/102\/\" title=\"Geierfelsen bei Gehlberg\">Geierfelsen bei Gehlberg<\/a><\/li><li><a href=\"https:\/\/kvfl.com\/blog\/klettern-an-den-hermannsteinen-bei-ilmenau\/95\/\" title=\"Klettern an den Hermannsteinen bei Ilmenau\">Klettern an den Hermannsteinen bei Ilmenau<\/a><\/li><li><a href=\"https:\/\/kvfl.com\/blog\/schwarzatal\/59\/\" title=\"Schwarzatal\">Schwarzatal<\/a><\/li><li><a href=\"https:\/\/kvfl.com\/blog\/felsen-bei-saalfeld\/58\/\" title=\"Felsen bei Saalfeld\">Felsen bei Saalfeld<\/a><\/li><li><a href=\"https:\/\/kvfl.com\/blog\/felsen-bei-ilmenau-elgersburg-ratssteinbruch-herrmannsteine\/57\/\" title=\"Felsen bei Ilmenau - Elgersburg, Ratssteinbruch, Herrmannsteine\">Felsen bei Ilmenau - Elgersburg, Ratssteinbruch, Herrmannsteine<\/a><\/li><li><a href=\"https:\/\/kvfl.com\/blog\/gebiet-von-bad-liebenstein\/56\/\" title=\"Gebiet von Bad Liebenstein\">Gebiet von Bad Liebenstein<\/a><\/li><li><a href=\"https:\/\/kvfl.com\/blog\/doebritzer-kalkfelsen\/54\/\" title=\"D\u00f6britzer Kalkfelsen\">D\u00f6britzer Kalkfelsen<\/a><\/li><li><a href=\"https:\/\/kvfl.com\/blog\/die-rabenschuessel-bei-jena\/53\/\" title=\"Die Rabensch\u00fcssel bei Jena\">Die Rabensch\u00fcssel bei Jena<\/a><\/li><li><a href=\"https:\/\/kvfl.com\/blog\/boulder-bei-ruhla\/51\/\" title=\"Boulder bei Ruhla\">Boulder bei Ruhla<\/a><\/li><li><a href=\"https:\/\/kvfl.com\/blog\/schmalwassergrund-kanzlersgrund-georgenthal-moosbachtal-asbachtal-felsen-bei-gehlberg-felsen-am-hermannsberg\/52\/\" title=\" Schmalwassergrund, Kanzlersgrund, Georgenthal, Moosbachtal, Asbachtal, Felsen bei Gehlberg, Felsen am Hermannsberg\"> Schmalwassergrund, Kanzlersgrund, Georgenthal, Moosbachtal, Asbachtal, Felsen bei Gehlberg, Felsen am Hermannsberg<\/a><\/li><li><a href=\"https:\/\/kvfl.com\/blog\/felsen-bei-winterstein-meisenstein-treppenstein\/50\/\" title=\"Felsen bei Winterstein - Meisenstein, Treppenstein\">Felsen bei Winterstein - Meisenstein, Treppenstein<\/a><\/li><li><a href=\"https:\/\/kvfl.com\/blog\/hangsteine-und-baerenfalle-bei-mosbach-eisenach\/48\/\" title=\"Hangsteine und B\u00e4renfalle bei Mosbach\/ Eisenach\">Hangsteine und B\u00e4renfalle bei Mosbach\/ Eisenach<\/a><\/li><li><a href=\"https:\/\/kvfl.com\/blog\/das-herzstueck-des-inselberggebiet-der-lauchagrund\/49\/\" title=\"Das Herzst\u00fcck des Inselberggebiet - Der Lauchagrund\">Das Herzst\u00fcck des Inselberggebiet - Der Lauchagrund<\/a><\/li><li><a href=\"https:\/\/kvfl.com\/blog\/civitates-eisenach-west\/47\/\" title=\"Civitates (Eisenach West)\">Civitates (Eisenach West)<\/a><\/li><li><a href=\"https:\/\/kvfl.com\/blog\/felsen-bei-eisenach-eisenacher-burg-ludowinger-und-bergfried\/46\/\" title=\"Felsen bei Eisenach - Eisenacher Burg, Ludowinger und Bergfried \">Felsen bei Eisenach - Eisenacher Burg, Ludowinger und Bergfried <\/a><\/li><\/ul><br \/>\n\t\t\t\t<div id=\"wp_mapit_gw9n5hiN43\" class=\"wp_mapit_multipin_map\" data-lat=\"50.9777974\" data-lng=\"11.0287364\" data-zoom=\"9\" data-type=\"normal\" data-marker=\"https:\/\/kvfl.com\/blog\/wp-content\/plugins\/wp-mapit\/wp_mapit\/images\/map-pin.png\" data-width=\"100\" data-width-type=\"per\" data-height=\"800\" data-height-type=\"px\" data-pins=\"[{&quot;lat&quot;:&quot;50.85629709235795&quot;,&quot;lng&quot;:&quot;10.499839782714846&quot;,&quot;marker_image&quot;:&quot;&quot;,&quot;marker_title&quot;:&quot;Lauchagrund&quot;,&quot;marker_content&quot;:&quot;Das Herzst\\u00fcck des Inselberggebiet - Der Lauchagrund&quot;,&quot;marker_url&quot;:&quot;https:\\\/\\\/kvfl.com\\\/das-herzstueck-des-inselberggebiet-der-lauchagrund\\\/49\\\/&quot;},{&quot;lat&quot;:&quot;50.96018375022545&quot;,&quot;lng&quot;:&quot;10.309681892395021&quot;,&quot;marker_image&quot;:&quot;&quot;,&quot;marker_title&quot;:&quot;Felsen bei Eisenach&quot;,&quot;marker_content&quot;:&quot;Felsen bei Eisenach - Eisenacher Burg, Ludowinger und Bergfried&quot;,&quot;marker_url&quot;:&quot;https:\\\/\\\/kvfl.com\\\/felsen-bei-eisenach-eisenacher-burg-ludowinger-und-bergfried\\\/46\\\/&quot;},{&quot;lat&quot;:&quot;50.97106232170854&quot;,&quot;lng&quot;:&quot;10.297880172729494&quot;,&quot;marker_image&quot;:&quot;&quot;,&quot;marker_title&quot;:&quot;Civitates (Eisenach West)&quot;,&quot;marker_content&quot;:&quot;Civitates bei Eisenach&quot;,&quot;marker_url&quot;:&quot;https:\\\/\\\/kvfl.com\\\/civitates-eisenach-west\\\/47\\\/&quot;},{&quot;lat&quot;:&quot;50.92013407822842&quot;,&quot;lng&quot;:&quot;10.33719062805176&quot;,&quot;marker_image&quot;:&quot;&quot;,&quot;marker_title&quot;:&quot;Hangsteine und B\\u00e4renfalle&quot;,&quot;marker_content&quot;:&quot;Hangsteine und B\\u00e4renfalle&quot;,&quot;marker_url&quot;:&quot;https:\\\/\\\/kvfl.com\\\/hangsteine-und-baerenfalle-bei-mosbach-eisenach\\\/48\\\/&quot;},{&quot;lat&quot;:&quot;50.8930769&quot;,&quot;lng&quot;:&quot;10.4318793&quot;,&quot;marker_image&quot;:&quot;&quot;,&quot;marker_title&quot;:&quot;Felsen bei Winterstein - Meisenstein, Treppenstein&quot;,&quot;marker_content&quot;:&quot;Felsen bei Winterstein - Meisenstein, Treppenstein&quot;,&quot;marker_url&quot;:&quot;https:\\\/\\\/kvfl.com\\\/felsen-bei-winterstein-meisenstein-treppenstein\\\/50\\\/&quot;},{&quot;lat&quot;:&quot;50.87065314638895&quot;,&quot;lng&quot;:&quot;10.385727882385256&quot;,&quot;marker_image&quot;:&quot;&quot;,&quot;marker_title&quot;:&quot;Boulder bei Ruhla&quot;,&quot;marker_content&quot;:&quot;Boulder bei Ruhla&quot;,&quot;marker_url&quot;:&quot;https:\\\/\\\/kvfl.com\\\/boulder-bei-ruhla\\\/51\\\/&quot;},{&quot;lat&quot;:&quot;50.7193773&quot;,&quot;lng&quot;:&quot;10.5617572&quot;,&quot;marker_image&quot;:&quot;&quot;,&quot;marker_title&quot;:&quot;Schmalwassergrund, Kanzlersgrund, Georgenthal, Moosbachtal, Asbachtal, Felsen bei Gehlberg, Felsen am Hermannsberg&quot;,&quot;marker_content&quot;:&quot;Schmalwassergrund, Kanzlersgrund, Georgenthal, Moosbachtal, Asbachtal, Felsen bei Gehlberg, Felsen am Hermannsberg&quot;,&quot;marker_url&quot;:&quot;https:\\\/\\\/kvfl.com\\\/schmalwassergrund-kanzlersgrund-georgenthal-moosbachtal-asbachtal-felsen-bei-gehlberg-felsen-am-hermannsberg\\\/52\\\/&quot;},{&quot;lat&quot;:&quot;50.86821563747484&quot;,&quot;lng&quot;:&quot;11.608257293701172&quot;,&quot;marker_image&quot;:&quot;&quot;,&quot;marker_title&quot;:&quot;Rabensch\\u00fcssel&quot;,&quot;marker_content&quot;:&quot;Rabensch\\u00fcssel, Bouldern bei Jena&quot;,&quot;marker_url&quot;:&quot;https:\\\/\\\/kvfl.com\\\/die-rabenschuessel-bei-jena\\\/53\\\/&quot;},{&quot;lat&quot;:&quot;50.692257547488595&quot;,&quot;lng&quot;:&quot;11.64276123046875&quot;,&quot;marker_image&quot;:&quot;&quot;,&quot;marker_title&quot;:&quot;D\\u00f6britzer Kalk&quot;,&quot;marker_content&quot;:&quot;Kalkfelsen bei D\\u00f6britz&quot;,&quot;marker_url&quot;:&quot;https:\\\/\\\/kvfl.com\\\/doebritzer-kalkfelsen\\\/54\\\/&quot;},{&quot;lat&quot;:&quot;50.82919815844277&quot;,&quot;lng&quot;:&quot;10.348949432373047&quot;,&quot;marker_image&quot;:&quot;&quot;,&quot;marker_title&quot;:&quot;Kalk bei Bad Liebenstein&quot;,&quot;marker_content&quot;:&quot;Kalk Felsen bei Bad Liebenstein&quot;,&quot;marker_url&quot;:&quot;https:\\\/\\\/kvfl.com\\\/gebiet-von-bad-liebenstein\\\/56\\\/&quot;},{&quot;lat&quot;:&quot;50.67522227239348&quot;,&quot;lng&quot;:&quot;10.859427452087404&quot;,&quot;marker_image&quot;:&quot;&quot;,&quot;marker_title&quot;:&quot;Felsen bei Ilmenau&quot;,&quot;marker_content&quot;:&quot;Felsen bei Ilmenau - Elgersburg, Ratssteinbruch, Herrmannsteine&quot;,&quot;marker_url&quot;:&quot;https:\\\/\\\/kvfl.com\\\/felsen-bei-ilmenau-elgersburg-ratssteinbruch-herrmannsteine\\\/57\\\/&quot;},{&quot;lat&quot;:&quot;50.63152498455437&quot;,&quot;lng&quot;:&quot;11.382308006286621&quot;,&quot;marker_image&quot;:&quot;&quot;,&quot;marker_title&quot;:&quot;Felsen bei Saalfeld&quot;,&quot;marker_content&quot;:&quot;Felsen bei Saalfeld&quot;,&quot;marker_url&quot;:&quot;https:\\\/\\\/kvfl.com\\\/felsen-bei-saalfeld\\\/58\\\/&quot;},{&quot;lat&quot;:&quot;50.65827603321248&quot;,&quot;lng&quot;:&quot;11.216654777526857&quot;,&quot;marker_image&quot;:&quot;&quot;,&quot;marker_title&quot;:&quot;Schwarzatal&quot;,&quot;marker_content&quot;:&quot;Schwarzatal&quot;,&quot;marker_url&quot;:&quot;https:\\\/\\\/kvfl.com\\\/schwarzatal\\\/59\\\/&quot;},{&quot;lat&quot;:&quot;50.6745831592873&quot;,&quot;lng&quot;:&quot;10.863568782806398&quot;,&quot;marker_image&quot;:&quot;&quot;,&quot;marker_title&quot;:&quot;Hermannsteine&quot;,&quot;marker_content&quot;:&quot;Hermannsteine bei Ilmenau&quot;,&quot;marker_url&quot;:&quot;https:\\\/\\\/kvfl.com\\\/klettern-an-den-hermannsteinen-bei-ilmenau\\\/95\\\/&quot;},{&quot;lat&quot;:&quot;50.662576599999994&quot;,&quot;lng&quot;:&quot;10.777141016059552&quot;,&quot;marker_image&quot;:&quot;&quot;,&quot;marker_title&quot;:&quot;Geierfelsen&quot;,&quot;marker_content&quot;:&quot;Geierfelsen bei Gehlberg&quot;,&quot;marker_url&quot;:&quot;https:\\\/\\\/kvfl.com\\\/geierfelsen-bei-gehlberg\\\/102\\\/&quot;},{&quot;lat&quot;:&quot;50.683557142181684&quot;,&quot;lng&quot;:&quot;10.883127450942995&quot;,&quot;marker_image&quot;:&quot;&quot;,&quot;marker_title&quot;:&quot;Ratssteinbruch&quot;,&quot;marker_content&quot;:&quot;Ratssteinbruch bei Ilmenau&quot;,&quot;marker_url&quot;:&quot;https:\\\/\\\/kvfl.com\\\/ratssteinbruch-bei-ilmenau\\\/156\\\/&quot;}]\"><\/div>\n\t\t\t<\/p>\n","protected":false},"excerpt":{"rendered":"<p>Folgenden Gebiete haben eine n\u00e4here Beschreibung und entsprechende Topos, Hintergr\u00fcnde, Informationen &#8230;<\/p>\n","protected":false},"author":1,"featured_media":0,"parent":0,"menu_order":0,"comment_status":"closed","ping_status":"closed","template":"","meta":{"footnotes":""},"class_list":["post-96","page","type-page","status-publish","hentry"],"_links":{"self":[{"href":"https:\/\/kvfl.com\/blog\/wp-json\/wp\/v2\/pages\/96","targetHints":{"allow":["GET"]}}],"collection":[{"href":"https:\/\/kvfl.com\/blog\/wp-json\/wp\/v2\/pages"}],"about":[{"href":"https:\/\/kvfl.com\/blog\/wp-json\/wp\/v2\/types\/page"}],"author":[{"embeddable":true,"href":"https:\/\/kvfl.com\/blog\/wp-json\/wp\/v2\/users\/1"}],"replies":[{"embeddable":true,"href":"https:\/\/kvfl.com\/blog\/wp-json\/wp\/v2\/comments?post=96"}],"version-history":[{"count":3,"href":"https:\/\/kvfl.com\/blog\/wp-json\/wp\/v2\/pages\/96\/revisions"}],"predecessor-version":[{"id":1259,"href":"https:\/\/kvfl.com\/blog\/wp-json\/wp\/v2\/pages\/96\/revisions\/1259"}],"wp:attachment":[{"href":"https:\/\/kvfl.com\/blog\/wp-json\/wp\/v2\/media?parent=96"}],"curies":[{"name":"wp","href":"https:\/\/api.w.org\/{rel}","templated":true}]}}